{"id":2921,"date":"2017-05-23T19:47:54","date_gmt":"2017-05-23T19:47:54","guid":{"rendered":"https:\/\/www.divokavoda.sk\/activities-and-sports\/hydrospeed\/"},"modified":"2025-01-08T18:50:20","modified_gmt":"2025-01-08T17:50:20","slug":"hydrospeed","status":"publish","type":"page","link":"https:\/\/www.divokavoda.sk\/en\/activities-and-sports\/hydrospeed\/","title":{"rendered":"Hydrospeed"},"content":{"rendered":"","protected":false},"excerpt":{"rendered":"","protected":false},"author":1,"featured_media":0,"parent":2203,"menu_order":0,"comment_status":"closed","ping_status":"closed","template":"","meta":[],"acf":[],"yoast_head":"<!-- This site is optimized with the Yoast SEO plugin v18.9 - https:\/\/yoast.com\/wordpress\/plugins\/seo\/ -->\n<title>Hydrospeed - Divok\u00e1 Voda - chv\u00edle, ktor\u00e9 nezabudnete<\/title>\n<meta name=\"description\" content=\"Hydrospeed - Divok\u00e1 Voda pon\u00faka adrenal\u00edn, z\u00e1bavu a pr\u00edjemn\u00fa letn\u00fa atmosf\u00e9ru. Vysk\u00fa\u0161ajte 15 r\u00f4znych \u0161portov a aktiv\u00edt na jednom mieste. Oslavy a aj svadby.\" \/>\n<meta name=\"robots\" content=\"index, follow, max-snippet:-1, max-image-preview:large, max-video-preview:-1\" \/>\n<meta property=\"og:locale\" content=\"en_US\" \/>\n<meta property=\"og:type\" content=\"article\" \/>\n<meta property=\"og:title\" content=\"Hydrospeed - Divok\u00e1 Voda - chv\u00edle, ktor\u00e9 nezabudnete\" \/>\n<meta property=\"og:description\" content=\"Hydrospeed - Divok\u00e1 Voda pon\u00faka adrenal\u00edn, z\u00e1bavu a pr\u00edjemn\u00fa letn\u00fa atmosf\u00e9ru. Vysk\u00fa\u0161ajte 15 r\u00f4znych \u0161portov a aktiv\u00edt na jednom mieste. Oslavy a aj svadby.\" \/>\n<meta property=\"og:url\" content=\"https:\/\/www.divokavoda.sk\/en\/activities-and-sports\/hydrospeed\/\" \/>\n<meta property=\"og:site_name\" content=\"Divok\u00e1 Voda\" \/>\n<meta property=\"article:modified_time\" content=\"2025-01-08T17:50:20+00:00\" \/>\n<meta name=\"twitter:card\" content=\"summary\" \/>\n<script type=\"application\/ld+json\" class=\"yoast-schema-graph\">{\"@context\":\"https:\/\/schema.org\",\"@graph\":[{\"@type\":\"WebSite\",\"@id\":\"https:\/\/www.divokavoda.sk\/#website\",\"url\":\"https:\/\/www.divokavoda.sk\/\",\"name\":\"Divok\u00e1 Voda\",\"description\":\"are\u00e1l Divok\u00e1 voda\",\"potentialAction\":[{\"@type\":\"SearchAction\",\"target\":{\"@type\":\"EntryPoint\",\"urlTemplate\":\"https:\/\/www.divokavoda.sk\/?s={search_term_string}\"},\"query-input\":\"required name=search_term_string\"}],\"inLanguage\":\"en-US\"},{\"@type\":\"WebPage\",\"@id\":\"https:\/\/www.divokavoda.sk\/en\/activities-and-sports\/hydrospeed\/#webpage\",\"url\":\"https:\/\/www.divokavoda.sk\/en\/activities-and-sports\/hydrospeed\/\",\"name\":\"Hydrospeed - Divok\u00e1 Voda - chv\u00edle, ktor\u00e9 nezabudnete\",\"isPartOf\":{\"@id\":\"https:\/\/www.divokavoda.sk\/#website\"},\"datePublished\":\"2017-05-23T19:47:54+00:00\",\"dateModified\":\"2025-01-08T17:50:20+00:00\",\"description\":\"Hydrospeed - Divok\u00e1 Voda pon\u00faka adrenal\u00edn, z\u00e1bavu a pr\u00edjemn\u00fa letn\u00fa atmosf\u00e9ru. Vysk\u00fa\u0161ajte 15 r\u00f4znych \u0161portov a aktiv\u00edt na jednom mieste. Oslavy a aj svadby.\",\"breadcrumb\":{\"@id\":\"https:\/\/www.divokavoda.sk\/en\/activities-and-sports\/hydrospeed\/#breadcrumb\"},\"inLanguage\":\"en-US\",\"potentialAction\":[{\"@type\":\"ReadAction\",\"target\":[\"https:\/\/www.divokavoda.sk\/en\/activities-and-sports\/hydrospeed\/\"]}]},{\"@type\":\"BreadcrumbList\",\"@id\":\"https:\/\/www.divokavoda.sk\/en\/activities-and-sports\/hydrospeed\/#breadcrumb\",\"itemListElement\":[{\"@type\":\"ListItem\",\"position\":1,\"name\":\"Home\",\"item\":\"https:\/\/www.divokavoda.sk\/en\/\"},{\"@type\":\"ListItem\",\"position\":2,\"name\":\"Activities\",\"item\":\"https:\/\/www.divokavoda.sk\/en\/activities-and-sports\/\"},{\"@type\":\"ListItem\",\"position\":3,\"name\":\"Hydrospeed\"}]}]}<\/script>\n<!-- \/ Yoast SEO plugin. -->","yoast_head_json":{"title":"Hydrospeed - Divok\u00e1 Voda - chv\u00edle, ktor\u00e9 nezabudnete","description":"Hydrospeed - Divok\u00e1 Voda pon\u00faka adrenal\u00edn, z\u00e1bavu a pr\u00edjemn\u00fa letn\u00fa atmosf\u00e9ru. Vysk\u00fa\u0161ajte 15 r\u00f4znych \u0161portov a aktiv\u00edt na jednom mieste. Oslavy a aj svadby.","robots":{"index":"index","follow":"follow","max-snippet":"max-snippet:-1","max-image-preview":"max-image-preview:large","max-video-preview":"max-video-preview:-1"},"og_locale":"en_US","og_type":"article","og_title":"Hydrospeed - Divok\u00e1 Voda - chv\u00edle, ktor\u00e9 nezabudnete","og_description":"Hydrospeed - Divok\u00e1 Voda pon\u00faka adrenal\u00edn, z\u00e1bavu a pr\u00edjemn\u00fa letn\u00fa atmosf\u00e9ru. Vysk\u00fa\u0161ajte 15 r\u00f4znych \u0161portov a aktiv\u00edt na jednom mieste. Oslavy a aj svadby.","og_url":"https:\/\/www.divokavoda.sk\/en\/activities-and-sports\/hydrospeed\/","og_site_name":"Divok\u00e1 Voda","article_modified_time":"2025-01-08T17:50:20+00:00","twitter_card":"summary","schema":{"@context":"https:\/\/schema.org","@graph":[{"@type":"WebSite","@id":"https:\/\/www.divokavoda.sk\/#website","url":"https:\/\/www.divokavoda.sk\/","name":"Divok\u00e1 Voda","description":"are\u00e1l Divok\u00e1 voda","potentialAction":[{"@type":"SearchAction","target":{"@type":"EntryPoint","urlTemplate":"https:\/\/www.divokavoda.sk\/?s={search_term_string}"},"query-input":"required name=search_term_string"}],"inLanguage":"en-US"},{"@type":"WebPage","@id":"https:\/\/www.divokavoda.sk\/en\/activities-and-sports\/hydrospeed\/#webpage","url":"https:\/\/www.divokavoda.sk\/en\/activities-and-sports\/hydrospeed\/","name":"Hydrospeed - Divok\u00e1 Voda - chv\u00edle, ktor\u00e9 nezabudnete","isPartOf":{"@id":"https:\/\/www.divokavoda.sk\/#website"},"datePublished":"2017-05-23T19:47:54+00:00","dateModified":"2025-01-08T17:50:20+00:00","description":"Hydrospeed - Divok\u00e1 Voda pon\u00faka adrenal\u00edn, z\u00e1bavu a pr\u00edjemn\u00fa letn\u00fa atmosf\u00e9ru. Vysk\u00fa\u0161ajte 15 r\u00f4znych \u0161portov a aktiv\u00edt na jednom mieste. Oslavy a aj svadby.","breadcrumb":{"@id":"https:\/\/www.divokavoda.sk\/en\/activities-and-sports\/hydrospeed\/#breadcrumb"},"inLanguage":"en-US","potentialAction":[{"@type":"ReadAction","target":["https:\/\/www.divokavoda.sk\/en\/activities-and-sports\/hydrospeed\/"]}]},{"@type":"BreadcrumbList","@id":"https:\/\/www.divokavoda.sk\/en\/activities-and-sports\/hydrospeed\/#breadcrumb","itemListElement":[{"@type":"ListItem","position":1,"name":"Home","item":"https:\/\/www.divokavoda.sk\/en\/"},{"@type":"ListItem","position":2,"name":"Activities","item":"https:\/\/www.divokavoda.sk\/en\/activities-and-sports\/"},{"@type":"ListItem","position":3,"name":"Hydrospeed"}]}]}},"_links":{"self":[{"href":"https:\/\/www.divokavoda.sk\/en\/wp-json\/wp\/v2\/pages\/2921"}],"collection":[{"href":"https:\/\/www.divokavoda.sk\/en\/wp-json\/wp\/v2\/pages"}],"about":[{"href":"https:\/\/www.divokavoda.sk\/en\/wp-json\/wp\/v2\/types\/page"}],"author":[{"embeddable":true,"href":"https:\/\/www.divokavoda.sk\/en\/wp-json\/wp\/v2\/users\/1"}],"replies":[{"embeddable":true,"href":"https:\/\/www.divokavoda.sk\/en\/wp-json\/wp\/v2\/comments?post=2921"}],"version-history":[{"count":5,"href":"https:\/\/www.divokavoda.sk\/en\/wp-json\/wp\/v2\/pages\/2921\/revisions"}],"predecessor-version":[{"id":25051,"href":"https:\/\/www.divokavoda.sk\/en\/wp-json\/wp\/v2\/pages\/2921\/revisions\/25051"}],"up":[{"embeddable":true,"href":"https:\/\/www.divokavoda.sk\/en\/wp-json\/wp\/v2\/pages\/2203"}],"wp:attachment":[{"href":"https:\/\/www.divokavoda.sk\/en\/wp-json\/wp\/v2\/media?parent=2921"}],"curies":[{"name":"wp","href":"https:\/\/api.w.org\/{rel}","templated":true}]}}