{"id":2934,"date":"2017-05-24T13:50:43","date_gmt":"2017-05-24T12:50:43","guid":{"rendered":"https:\/\/www.divokavoda.sk\/activities-and-sports\/jazda-na-stvorkolke\/"},"modified":"2023-11-07T13:17:41","modified_gmt":"2023-11-07T12:17:41","slug":"quads","status":"publish","type":"page","link":"https:\/\/www.divokavoda.sk\/en\/activities-and-sports\/quads\/","title":{"rendered":"Quads"},"content":{"rendered":"","protected":false},"excerpt":{"rendered":"","protected":false},"author":1,"featured_media":0,"parent":2203,"menu_order":0,"comment_status":"closed","ping_status":"closed","template":"","meta":[],"acf":[],"yoast_head":"<!-- This site is optimized with the Yoast SEO plugin v18.9 - https:\/\/yoast.com\/wordpress\/plugins\/seo\/ -->\n<title>QUADS - Divok\u00e1 Voda - z\u00e1\u017eitky, na ktor\u00e9 nezabudnete<\/title>\n<meta name=\"description\" content=\"QUADS - Divok\u00e1 Voda pon\u00faka adrenal\u00edn, z\u00e1bavu a pr\u00edjemn\u00fa letn\u00fa atmosf\u00e9ru. Vysk\u00fa\u0161ajte 15 r\u00f4znych \u0161portov a aktiv\u00edt na jednom mieste. Oslavy, party, svadby.\" \/>\n<meta name=\"robots\" content=\"index, follow, max-snippet:-1, max-image-preview:large, max-video-preview:-1\" \/>\n<meta property=\"og:locale\" content=\"en_US\" \/>\n<meta property=\"og:type\" content=\"article\" \/>\n<meta property=\"og:title\" content=\"QUADS - Divok\u00e1 Voda - z\u00e1\u017eitky, na ktor\u00e9 nezabudnete\" \/>\n<meta property=\"og:description\" content=\"QUADS - Divok\u00e1 Voda pon\u00faka adrenal\u00edn, z\u00e1bavu a pr\u00edjemn\u00fa letn\u00fa atmosf\u00e9ru. Vysk\u00fa\u0161ajte 15 r\u00f4znych \u0161portov a aktiv\u00edt na jednom mieste. Oslavy, party, svadby.\" \/>\n<meta property=\"og:url\" content=\"https:\/\/www.divokavoda.sk\/en\/activities-and-sports\/quads\/\" \/>\n<meta property=\"og:site_name\" content=\"Divok\u00e1 Voda\" \/>\n<meta property=\"article:modified_time\" content=\"2023-11-07T12:17:41+00:00\" \/>\n<meta name=\"twitter:card\" content=\"summary\" \/>\n<script type=\"application\/ld+json\" class=\"yoast-schema-graph\">{\"@context\":\"https:\/\/schema.org\",\"@graph\":[{\"@type\":\"WebSite\",\"@id\":\"https:\/\/www.divokavoda.sk\/#website\",\"url\":\"https:\/\/www.divokavoda.sk\/\",\"name\":\"Divok\u00e1 Voda\",\"description\":\"are\u00e1l Divok\u00e1 voda\",\"potentialAction\":[{\"@type\":\"SearchAction\",\"target\":{\"@type\":\"EntryPoint\",\"urlTemplate\":\"https:\/\/www.divokavoda.sk\/?s={search_term_string}\"},\"query-input\":\"required name=search_term_string\"}],\"inLanguage\":\"en-US\"},{\"@type\":\"WebPage\",\"@id\":\"https:\/\/www.divokavoda.sk\/en\/activities-and-sports\/quads\/#webpage\",\"url\":\"https:\/\/www.divokavoda.sk\/en\/activities-and-sports\/quads\/\",\"name\":\"QUADS - Divok\u00e1 Voda - z\u00e1\u017eitky, na ktor\u00e9 nezabudnete\",\"isPartOf\":{\"@id\":\"https:\/\/www.divokavoda.sk\/#website\"},\"datePublished\":\"2017-05-24T12:50:43+00:00\",\"dateModified\":\"2023-11-07T12:17:41+00:00\",\"description\":\"QUADS - Divok\u00e1 Voda pon\u00faka adrenal\u00edn, z\u00e1bavu a pr\u00edjemn\u00fa letn\u00fa atmosf\u00e9ru. Vysk\u00fa\u0161ajte 15 r\u00f4znych \u0161portov a aktiv\u00edt na jednom mieste. Oslavy, party, svadby.\",\"breadcrumb\":{\"@id\":\"https:\/\/www.divokavoda.sk\/en\/activities-and-sports\/quads\/#breadcrumb\"},\"inLanguage\":\"en-US\",\"potentialAction\":[{\"@type\":\"ReadAction\",\"target\":[\"https:\/\/www.divokavoda.sk\/en\/activities-and-sports\/quads\/\"]}]},{\"@type\":\"BreadcrumbList\",\"@id\":\"https:\/\/www.divokavoda.sk\/en\/activities-and-sports\/quads\/#breadcrumb\",\"itemListElement\":[{\"@type\":\"ListItem\",\"position\":1,\"name\":\"Home\",\"item\":\"https:\/\/www.divokavoda.sk\/en\/\"},{\"@type\":\"ListItem\",\"position\":2,\"name\":\"Activities\",\"item\":\"https:\/\/www.divokavoda.sk\/en\/activities-and-sports\/\"},{\"@type\":\"ListItem\",\"position\":3,\"name\":\"Quads\"}]}]}<\/script>\n<!-- \/ Yoast SEO plugin. -->","yoast_head_json":{"title":"QUADS - Divok\u00e1 Voda - z\u00e1\u017eitky, na ktor\u00e9 nezabudnete","description":"QUADS - Divok\u00e1 Voda pon\u00faka adrenal\u00edn, z\u00e1bavu a pr\u00edjemn\u00fa letn\u00fa atmosf\u00e9ru. Vysk\u00fa\u0161ajte 15 r\u00f4znych \u0161portov a aktiv\u00edt na jednom mieste. Oslavy, party, svadby.","robots":{"index":"index","follow":"follow","max-snippet":"max-snippet:-1","max-image-preview":"max-image-preview:large","max-video-preview":"max-video-preview:-1"},"og_locale":"en_US","og_type":"article","og_title":"QUADS - Divok\u00e1 Voda - z\u00e1\u017eitky, na ktor\u00e9 nezabudnete","og_description":"QUADS - Divok\u00e1 Voda pon\u00faka adrenal\u00edn, z\u00e1bavu a pr\u00edjemn\u00fa letn\u00fa atmosf\u00e9ru. Vysk\u00fa\u0161ajte 15 r\u00f4znych \u0161portov a aktiv\u00edt na jednom mieste. Oslavy, party, svadby.","og_url":"https:\/\/www.divokavoda.sk\/en\/activities-and-sports\/quads\/","og_site_name":"Divok\u00e1 Voda","article_modified_time":"2023-11-07T12:17:41+00:00","twitter_card":"summary","schema":{"@context":"https:\/\/schema.org","@graph":[{"@type":"WebSite","@id":"https:\/\/www.divokavoda.sk\/#website","url":"https:\/\/www.divokavoda.sk\/","name":"Divok\u00e1 Voda","description":"are\u00e1l Divok\u00e1 voda","potentialAction":[{"@type":"SearchAction","target":{"@type":"EntryPoint","urlTemplate":"https:\/\/www.divokavoda.sk\/?s={search_term_string}"},"query-input":"required name=search_term_string"}],"inLanguage":"en-US"},{"@type":"WebPage","@id":"https:\/\/www.divokavoda.sk\/en\/activities-and-sports\/quads\/#webpage","url":"https:\/\/www.divokavoda.sk\/en\/activities-and-sports\/quads\/","name":"QUADS - Divok\u00e1 Voda - z\u00e1\u017eitky, na ktor\u00e9 nezabudnete","isPartOf":{"@id":"https:\/\/www.divokavoda.sk\/#website"},"datePublished":"2017-05-24T12:50:43+00:00","dateModified":"2023-11-07T12:17:41+00:00","description":"QUADS - Divok\u00e1 Voda pon\u00faka adrenal\u00edn, z\u00e1bavu a pr\u00edjemn\u00fa letn\u00fa atmosf\u00e9ru. Vysk\u00fa\u0161ajte 15 r\u00f4znych \u0161portov a aktiv\u00edt na jednom mieste. Oslavy, party, svadby.","breadcrumb":{"@id":"https:\/\/www.divokavoda.sk\/en\/activities-and-sports\/quads\/#breadcrumb"},"inLanguage":"en-US","potentialAction":[{"@type":"ReadAction","target":["https:\/\/www.divokavoda.sk\/en\/activities-and-sports\/quads\/"]}]},{"@type":"BreadcrumbList","@id":"https:\/\/www.divokavoda.sk\/en\/activities-and-sports\/quads\/#breadcrumb","itemListElement":[{"@type":"ListItem","position":1,"name":"Home","item":"https:\/\/www.divokavoda.sk\/en\/"},{"@type":"ListItem","position":2,"name":"Activities","item":"https:\/\/www.divokavoda.sk\/en\/activities-and-sports\/"},{"@type":"ListItem","position":3,"name":"Quads"}]}]}},"_links":{"self":[{"href":"https:\/\/www.divokavoda.sk\/en\/wp-json\/wp\/v2\/pages\/2934"}],"collection":[{"href":"https:\/\/www.divokavoda.sk\/en\/wp-json\/wp\/v2\/pages"}],"about":[{"href":"https:\/\/www.divokavoda.sk\/en\/wp-json\/wp\/v2\/types\/page"}],"author":[{"embeddable":true,"href":"https:\/\/www.divokavoda.sk\/en\/wp-json\/wp\/v2\/users\/1"}],"replies":[{"embeddable":true,"href":"https:\/\/www.divokavoda.sk\/en\/wp-json\/wp\/v2\/comments?post=2934"}],"version-history":[{"count":5,"href":"https:\/\/www.divokavoda.sk\/en\/wp-json\/wp\/v2\/pages\/2934\/revisions"}],"predecessor-version":[{"id":22524,"href":"https:\/\/www.divokavoda.sk\/en\/wp-json\/wp\/v2\/pages\/2934\/revisions\/22524"}],"up":[{"embeddable":true,"href":"https:\/\/www.divokavoda.sk\/en\/wp-json\/wp\/v2\/pages\/2203"}],"wp:attachment":[{"href":"https:\/\/www.divokavoda.sk\/en\/wp-json\/wp\/v2\/media?parent=2934"}],"curies":[{"name":"wp","href":"https:\/\/api.w.org\/{rel}","templated":true}]}}