{"id":3082,"date":"2017-05-19T13:04:27","date_gmt":"2017-05-19T13:04:27","guid":{"rendered":"https:\/\/www.divokavoda.sk\/services\/pre-deti\/"},"modified":"2023-04-27T08:59:27","modified_gmt":"2023-04-27T07:59:27","slug":"childrens-events","status":"publish","type":"page","link":"https:\/\/www.divokavoda.sk\/en\/services\/childrens-events\/","title":{"rendered":"Childrens events"},"content":{"rendered":"","protected":false},"excerpt":{"rendered":"","protected":false},"author":1,"featured_media":0,"parent":3048,"menu_order":0,"comment_status":"closed","ping_status":"closed","template":"","meta":[],"acf":[],"yoast_head":"<!-- This site is optimized with the Yoast SEO plugin v18.9 - https:\/\/yoast.com\/wordpress\/plugins\/seo\/ -->\n<title>Childrens events - Divok\u00e1 Voda<\/title>\n<meta name=\"description\" content=\"Childrens events - Divok\u00e1 Voda pon\u00faka adrenal\u00edn, z\u00e1bavu a pr\u00edjemn\u00fa atmosf\u00e9ru. Vysk\u00fa\u0161ajte 15 r\u00f4znych \u0161portov a aktiv\u00edt na jednom mieste. Oslavy a svadby.\" \/>\n<meta name=\"robots\" content=\"index, follow, max-snippet:-1, max-image-preview:large, max-video-preview:-1\" \/>\n<meta property=\"og:locale\" content=\"en_US\" \/>\n<meta property=\"og:type\" content=\"article\" \/>\n<meta property=\"og:title\" content=\"Childrens events - Divok\u00e1 Voda\" \/>\n<meta property=\"og:description\" content=\"Childrens events - Divok\u00e1 Voda pon\u00faka adrenal\u00edn, z\u00e1bavu a pr\u00edjemn\u00fa atmosf\u00e9ru. Vysk\u00fa\u0161ajte 15 r\u00f4znych \u0161portov a aktiv\u00edt na jednom mieste. Oslavy a svadby.\" \/>\n<meta property=\"og:url\" content=\"https:\/\/www.divokavoda.sk\/sluzby\/pre-deti\/\" \/>\n<meta property=\"og:site_name\" content=\"Divok\u00e1 Voda\" \/>\n<meta property=\"article:modified_time\" content=\"2023-04-27T07:59:27+00:00\" \/>\n<meta name=\"twitter:card\" content=\"summary\" \/>\n<script type=\"application\/ld+json\" class=\"yoast-schema-graph\">{\"@context\":\"https:\/\/schema.org\",\"@graph\":[{\"@type\":\"WebSite\",\"@id\":\"https:\/\/www.divokavoda.sk\/#website\",\"url\":\"https:\/\/www.divokavoda.sk\/\",\"name\":\"Divok\u00e1 Voda\",\"description\":\"are\u00e1l Divok\u00e1 voda\",\"potentialAction\":[{\"@type\":\"SearchAction\",\"target\":{\"@type\":\"EntryPoint\",\"urlTemplate\":\"https:\/\/www.divokavoda.sk\/?s={search_term_string}\"},\"query-input\":\"required name=search_term_string\"}],\"inLanguage\":\"en-US\"},{\"@type\":\"WebPage\",\"@id\":\"https:\/\/www.divokavoda.sk\/sluzby\/pre-deti\/#webpage\",\"url\":\"https:\/\/www.divokavoda.sk\/sluzby\/pre-deti\/\",\"name\":\"Childrens events - Divok\u00e1 Voda\",\"isPartOf\":{\"@id\":\"https:\/\/www.divokavoda.sk\/#website\"},\"datePublished\":\"2017-05-19T13:04:27+00:00\",\"dateModified\":\"2023-04-27T07:59:27+00:00\",\"description\":\"Childrens events - Divok\u00e1 Voda pon\u00faka adrenal\u00edn, z\u00e1bavu a pr\u00edjemn\u00fa atmosf\u00e9ru. Vysk\u00fa\u0161ajte 15 r\u00f4znych \u0161portov a aktiv\u00edt na jednom mieste. Oslavy a svadby.\",\"breadcrumb\":{\"@id\":\"https:\/\/www.divokavoda.sk\/sluzby\/pre-deti\/#breadcrumb\"},\"inLanguage\":\"en-US\",\"potentialAction\":[{\"@type\":\"ReadAction\",\"target\":[\"https:\/\/www.divokavoda.sk\/sluzby\/pre-deti\/\"]}]},{\"@type\":\"BreadcrumbList\",\"@id\":\"https:\/\/www.divokavoda.sk\/sluzby\/pre-deti\/#breadcrumb\",\"itemListElement\":[{\"@type\":\"ListItem\",\"position\":1,\"name\":\"Home\",\"item\":\"https:\/\/www.divokavoda.sk\/en\/\"},{\"@type\":\"ListItem\",\"position\":2,\"name\":\"Services\",\"item\":\"https:\/\/www.divokavoda.sk\/en\/services\/\"},{\"@type\":\"ListItem\",\"position\":3,\"name\":\"Childrens events\"}]}]}<\/script>\n<!-- \/ Yoast SEO plugin. -->","yoast_head_json":{"title":"Childrens events - Divok\u00e1 Voda","description":"Childrens events - Divok\u00e1 Voda pon\u00faka adrenal\u00edn, z\u00e1bavu a pr\u00edjemn\u00fa atmosf\u00e9ru. Vysk\u00fa\u0161ajte 15 r\u00f4znych \u0161portov a aktiv\u00edt na jednom mieste. Oslavy a svadby.","robots":{"index":"index","follow":"follow","max-snippet":"max-snippet:-1","max-image-preview":"max-image-preview:large","max-video-preview":"max-video-preview:-1"},"og_locale":"en_US","og_type":"article","og_title":"Childrens events - Divok\u00e1 Voda","og_description":"Childrens events - Divok\u00e1 Voda pon\u00faka adrenal\u00edn, z\u00e1bavu a pr\u00edjemn\u00fa atmosf\u00e9ru. Vysk\u00fa\u0161ajte 15 r\u00f4znych \u0161portov a aktiv\u00edt na jednom mieste. Oslavy a svadby.","og_url":"https:\/\/www.divokavoda.sk\/sluzby\/pre-deti\/","og_site_name":"Divok\u00e1 Voda","article_modified_time":"2023-04-27T07:59:27+00:00","twitter_card":"summary","schema":{"@context":"https:\/\/schema.org","@graph":[{"@type":"WebSite","@id":"https:\/\/www.divokavoda.sk\/#website","url":"https:\/\/www.divokavoda.sk\/","name":"Divok\u00e1 Voda","description":"are\u00e1l Divok\u00e1 voda","potentialAction":[{"@type":"SearchAction","target":{"@type":"EntryPoint","urlTemplate":"https:\/\/www.divokavoda.sk\/?s={search_term_string}"},"query-input":"required name=search_term_string"}],"inLanguage":"en-US"},{"@type":"WebPage","@id":"https:\/\/www.divokavoda.sk\/sluzby\/pre-deti\/#webpage","url":"https:\/\/www.divokavoda.sk\/sluzby\/pre-deti\/","name":"Childrens events - Divok\u00e1 Voda","isPartOf":{"@id":"https:\/\/www.divokavoda.sk\/#website"},"datePublished":"2017-05-19T13:04:27+00:00","dateModified":"2023-04-27T07:59:27+00:00","description":"Childrens events - Divok\u00e1 Voda pon\u00faka adrenal\u00edn, z\u00e1bavu a pr\u00edjemn\u00fa atmosf\u00e9ru. Vysk\u00fa\u0161ajte 15 r\u00f4znych \u0161portov a aktiv\u00edt na jednom mieste. Oslavy a svadby.","breadcrumb":{"@id":"https:\/\/www.divokavoda.sk\/sluzby\/pre-deti\/#breadcrumb"},"inLanguage":"en-US","potentialAction":[{"@type":"ReadAction","target":["https:\/\/www.divokavoda.sk\/sluzby\/pre-deti\/"]}]},{"@type":"BreadcrumbList","@id":"https:\/\/www.divokavoda.sk\/sluzby\/pre-deti\/#breadcrumb","itemListElement":[{"@type":"ListItem","position":1,"name":"Home","item":"https:\/\/www.divokavoda.sk\/en\/"},{"@type":"ListItem","position":2,"name":"Services","item":"https:\/\/www.divokavoda.sk\/en\/services\/"},{"@type":"ListItem","position":3,"name":"Childrens events"}]}]}},"_links":{"self":[{"href":"https:\/\/www.divokavoda.sk\/en\/wp-json\/wp\/v2\/pages\/3082"}],"collection":[{"href":"https:\/\/www.divokavoda.sk\/en\/wp-json\/wp\/v2\/pages"}],"about":[{"href":"https:\/\/www.divokavoda.sk\/en\/wp-json\/wp\/v2\/types\/page"}],"author":[{"embeddable":true,"href":"https:\/\/www.divokavoda.sk\/en\/wp-json\/wp\/v2\/users\/1"}],"replies":[{"embeddable":true,"href":"https:\/\/www.divokavoda.sk\/en\/wp-json\/wp\/v2\/comments?post=3082"}],"version-history":[{"count":4,"href":"https:\/\/www.divokavoda.sk\/en\/wp-json\/wp\/v2\/pages\/3082\/revisions"}],"predecessor-version":[{"id":20536,"href":"https:\/\/www.divokavoda.sk\/en\/wp-json\/wp\/v2\/pages\/3082\/revisions\/20536"}],"up":[{"embeddable":true,"href":"https:\/\/www.divokavoda.sk\/en\/wp-json\/wp\/v2\/pages\/3048"}],"wp:attachment":[{"href":"https:\/\/www.divokavoda.sk\/en\/wp-json\/wp\/v2\/media?parent=3082"}],"curies":[{"name":"wp","href":"https:\/\/api.w.org\/{rel}","templated":true}]}}