{"id":3142,"date":"2017-05-21T18:39:30","date_gmt":"2017-05-21T18:39:30","guid":{"rendered":"https:\/\/www.divokavoda.sk\/pre-vodakov\/"},"modified":"2023-05-02T12:33:56","modified_gmt":"2023-05-02T11:33:56","slug":"for-watersportsmen","status":"publish","type":"page","link":"https:\/\/www.divokavoda.sk\/en\/for-watersportsmen\/","title":{"rendered":"For watersportsmen"},"content":{"rendered":"<p>Are\u00e1l Vodn\u00fdch \u0161portov Divok\u00e1 Voda je otvoren\u00fd od polovice Marca do polovice Novembra v z\u00e1vislosti od po\u010dasia a to od 8:00 \u00e1no do 20:00 ve\u010der.<\/p>\n<p><strong>Tra\u0165 pozost\u00e1va z dvoch k\u00e1nalov:<\/strong><\/p>\n<ol>\n<li><strong>Sport line<\/strong> (\u013eav\u00fd kan\u00e1l) je ur\u010den\u00fd prim\u00e1rne pre slalom\u00e1rov av\u0161ak mimo tr\u00e9ningov\u00fdch hod\u00edn Slovensk\u00e9ho zv\u00e4zu kanoistiky je mo\u017en\u00e9 vyu\u017e\u00edva\u0165 tento kan\u00e1l aj na rekrea\u010dn\u00e9 jazdenie na plastov\u00fdch lodiach. \u010casy tr\u00e9ningov\u00fdch hod\u00edn SVK s\u00fa po\u010das pracovn\u00e9ho t\u00fd\u017ed\u0148a od 9:30 do 11:30 \/ 15:30 do 17:30 a po\u010das v\u00edkendu od 9:30 do 10:30 a 14:30 do 15:30.\u00a0\u00a0\u00a0\u00a0\u00a0\u00a0\u00a0\u00a0\u00a0\u00a0\u00a0\u00a0\u00a0\u00a0\u00a0\u00a0\u00a0\u00a0\u00a0\u00a0\u00a0\u00a0\u00a0\u00a0\u00a0\u00a0\u00a0\u00a0\u00a0\u00a0\u00a0\u00a0\u00a0\u00a0\u00a0\u00a0\u00a0\u00a0\u00a0\u00a0\u00a0\u00a0\u00a0\u00a0\u00a0\u00a0\u00a0\u00a0\u00a0\u00a0\u00a0\u00a0\u00a0\u00a0\u00a0\u00a0\u00a0\u00a0\u00a0\u00a0\u00a0\u00a0\u00a0\u00a0\u00a0\u00a0\u00a0\u00a0\u00a0\u00a0\u00a0\u00a0\u00a0\u00a0\u00a0\u00a0\u00a0\u00a0\u00a0\u00a0\u00a0\u00a0\u00a0\u00a0\u00a0\u00a0\u00a0\u00a0\u00a0\u00a0\u00a0\u00a0\u00a0\u00a0\u00a0\u00a0\u00a0\u00a0\u00a0\u00a0\u00a0\u00a0\u00a0\u00a0\u00a0\u00a0\u00a0\u00a0\u00a0\u00a0\u00a0\u00a0\u00a0\u00a0\u00a0\u00a0\u00a0\u00a0\u00a0\u00a0\u00a0\u00a0\u00a0\u00a0\u00a0\u00a0\u00a0\u00a0\u00a0\u00a0\u00a0\u00a0\u00a0\u00a0\u00a0\u00a0\u00a0\u00a0\u00a0\u00a0\u00a0\u00a0\u00a0\u00a0\u00a0\u00a0\u00a0\u00a0\u00a0\u00a0\u00a0\u00a0\u00a0\u00a0\u00a0\u00a0\u00a0\u00a0\u00a0\u00a0\u00a0\u00a0\u00a0\u00a0\u00a0 Po\u010das pretekov s\u00fa taktie\u017e vyhraden\u00e9 tr\u00e9ningov\u00e9 hodiny pre jednotliv\u00e9 reprezenta\u010dn\u00e9 t\u00edmy a t\u00fdchto \u010dasoch nieje mo\u017en\u00e9 rekrea\u010dn\u00e9 jazdenie na tejto trati je v\u0161ak mo\u017en\u00e9 vyu\u017e\u00edva\u0165 FUN line (prav\u00fd kan\u00e1l). D\u00e1tumy jednotliv\u00fdch pretekov n\u00e1jdete na na\u0161ej str\u00e1nke v sekcii Preteky.<\/li>\n<li><strong>FUN line<\/strong> (prav\u00fd kan\u00e1l) je ur\u010den\u00fd prim\u00e1rne na komer\u010dn\u00fd rafting, tr\u00e9ningy raftov\u00fdch t\u00edmov, plastov\u00e9 lode a freestyle kajaky. T\u00e1to tra\u0165 je dlh\u00e1 460m , nach\u00e1dza sa na nej freestyle-ov\u00fd valec a je zakon\u010den\u00e1 umelou surfovou vlnou.<\/li>\n<\/ol>\n<p><strong>Pred vstupom na vodu je nutn\u00e9 pr\u00edst na recepciu hotela Divok\u00e1 Voda, zak\u00fapi\u0165 si vstup a podp\u00edsa\u0165 reverz.<\/strong><\/p>\n<p><strong>Pri nepreuk\u00e1zan\u00ed zaplatenia \u00fa\u010dtujeme pokutu 100\u20ac<\/strong><\/p>\n<p>V pr\u00edpade ak\u00fdchko\u013evek ot\u00e1zok n\u00e1s m\u00f4\u017eete kontaktova\u0165 na telef\u00f3nnom \u010d\u00edsle:<a href=\"http:\/\/+421 918 993 647\"> +421 918 993 647<\/a> alebo na emailovej adrese: <a href=\"mailto:dana.reindlova@divokavoda.sk\">dana.reindlova@divokavoda.sk<\/a><\/p>\n","protected":false},"excerpt":{"rendered":"<p>Are\u00e1l Vodn\u00fdch \u0161portov Divok\u00e1 Voda je otvoren\u00fd od polovice Marca do polovice Novembra v z\u00e1vislosti od po\u010dasia a to od 8:00 \u00e1no do 20:00 ve\u010der. Tra\u0165 pozost\u00e1va z dvoch k\u00e1nalov: Sport line (\u013eav\u00fd kan\u00e1l) je ur\u010den\u00fd prim\u00e1rne pre slalom\u00e1rov av\u0161ak mimo tr\u00e9ningov\u00fdch hod\u00edn Slovensk\u00e9ho zv\u00e4zu kanoistiky je mo\u017en\u00e9 vyu\u017e\u00edva\u0165 tento kan\u00e1l aj na rekrea\u010dn\u00e9 jazdenie<\/p>\n","protected":false},"author":1,"featured_media":0,"parent":0,"menu_order":0,"comment_status":"closed","ping_status":"closed","template":"","meta":[],"acf":[],"yoast_head":"<!-- This site is optimized with the Yoast SEO plugin v18.9 - https:\/\/yoast.com\/wordpress\/plugins\/seo\/ -->\n<title>For watersportsmen - Divok\u00e1 Voda<\/title>\n<meta name=\"description\" content=\"For watersportsmen - Divok\u00e1 Voda pon\u00faka adrenal\u00edn, z\u00e1bavu a pr\u00edjemn\u00fa atmosf\u00e9ru. Vysk\u00fa\u0161ajte 15 r\u00f4znych \u0161portov a aktiv\u00edt na jednom mieste. Oslavy a svadby.\" \/>\n<meta name=\"robots\" content=\"index, follow, max-snippet:-1, max-image-preview:large, max-video-preview:-1\" \/>\n<meta property=\"og:locale\" content=\"en_US\" \/>\n<meta property=\"og:type\" content=\"article\" \/>\n<meta property=\"og:title\" content=\"For watersportsmen - Divok\u00e1 Voda\" \/>\n<meta property=\"og:description\" content=\"For watersportsmen - Divok\u00e1 Voda pon\u00faka adrenal\u00edn, z\u00e1bavu a pr\u00edjemn\u00fa atmosf\u00e9ru. Vysk\u00fa\u0161ajte 15 r\u00f4znych \u0161portov a aktiv\u00edt na jednom mieste. Oslavy a svadby.\" \/>\n<meta property=\"og:url\" content=\"https:\/\/www.divokavoda.sk\/en\/for-watersportsmen\/\" \/>\n<meta property=\"og:site_name\" content=\"Divok\u00e1 Voda\" \/>\n<meta property=\"article:modified_time\" content=\"2023-05-02T11:33:56+00:00\" \/>\n<meta name=\"twitter:card\" content=\"summary\" \/>\n<meta name=\"twitter:label1\" content=\"Est. reading time\" \/>\n\t<meta name=\"twitter:data1\" content=\"1 minute\" \/>\n<script type=\"application\/ld+json\" class=\"yoast-schema-graph\">{\"@context\":\"https:\/\/schema.org\",\"@graph\":[{\"@type\":\"WebSite\",\"@id\":\"https:\/\/www.divokavoda.sk\/#website\",\"url\":\"https:\/\/www.divokavoda.sk\/\",\"name\":\"Divok\u00e1 Voda\",\"description\":\"are\u00e1l Divok\u00e1 voda\",\"potentialAction\":[{\"@type\":\"SearchAction\",\"target\":{\"@type\":\"EntryPoint\",\"urlTemplate\":\"https:\/\/www.divokavoda.sk\/?s={search_term_string}\"},\"query-input\":\"required name=search_term_string\"}],\"inLanguage\":\"en-US\"},{\"@type\":\"WebPage\",\"@id\":\"https:\/\/www.divokavoda.sk\/en\/for-watersportsmen\/#webpage\",\"url\":\"https:\/\/www.divokavoda.sk\/en\/for-watersportsmen\/\",\"name\":\"For watersportsmen - Divok\u00e1 Voda\",\"isPartOf\":{\"@id\":\"https:\/\/www.divokavoda.sk\/#website\"},\"datePublished\":\"2017-05-21T18:39:30+00:00\",\"dateModified\":\"2023-05-02T11:33:56+00:00\",\"description\":\"For watersportsmen - Divok\u00e1 Voda pon\u00faka adrenal\u00edn, z\u00e1bavu a pr\u00edjemn\u00fa atmosf\u00e9ru. Vysk\u00fa\u0161ajte 15 r\u00f4znych \u0161portov a aktiv\u00edt na jednom mieste. Oslavy a svadby.\",\"breadcrumb\":{\"@id\":\"https:\/\/www.divokavoda.sk\/en\/for-watersportsmen\/#breadcrumb\"},\"inLanguage\":\"en-US\",\"potentialAction\":[{\"@type\":\"ReadAction\",\"target\":[\"https:\/\/www.divokavoda.sk\/en\/for-watersportsmen\/\"]}]},{\"@type\":\"BreadcrumbList\",\"@id\":\"https:\/\/www.divokavoda.sk\/en\/for-watersportsmen\/#breadcrumb\",\"itemListElement\":[{\"@type\":\"ListItem\",\"position\":1,\"name\":\"Home\",\"item\":\"https:\/\/www.divokavoda.sk\/en\/\"},{\"@type\":\"ListItem\",\"position\":2,\"name\":\"For watersportsmen\"}]}]}<\/script>\n<!-- \/ Yoast SEO plugin. -->","yoast_head_json":{"title":"For watersportsmen - Divok\u00e1 Voda","description":"For watersportsmen - Divok\u00e1 Voda pon\u00faka adrenal\u00edn, z\u00e1bavu a pr\u00edjemn\u00fa atmosf\u00e9ru. Vysk\u00fa\u0161ajte 15 r\u00f4znych \u0161portov a aktiv\u00edt na jednom mieste. Oslavy a svadby.","robots":{"index":"index","follow":"follow","max-snippet":"max-snippet:-1","max-image-preview":"max-image-preview:large","max-video-preview":"max-video-preview:-1"},"og_locale":"en_US","og_type":"article","og_title":"For watersportsmen - Divok\u00e1 Voda","og_description":"For watersportsmen - Divok\u00e1 Voda pon\u00faka adrenal\u00edn, z\u00e1bavu a pr\u00edjemn\u00fa atmosf\u00e9ru. Vysk\u00fa\u0161ajte 15 r\u00f4znych \u0161portov a aktiv\u00edt na jednom mieste. Oslavy a svadby.","og_url":"https:\/\/www.divokavoda.sk\/en\/for-watersportsmen\/","og_site_name":"Divok\u00e1 Voda","article_modified_time":"2023-05-02T11:33:56+00:00","twitter_card":"summary","twitter_misc":{"Est. reading time":"1 minute"},"schema":{"@context":"https:\/\/schema.org","@graph":[{"@type":"WebSite","@id":"https:\/\/www.divokavoda.sk\/#website","url":"https:\/\/www.divokavoda.sk\/","name":"Divok\u00e1 Voda","description":"are\u00e1l Divok\u00e1 voda","potentialAction":[{"@type":"SearchAction","target":{"@type":"EntryPoint","urlTemplate":"https:\/\/www.divokavoda.sk\/?s={search_term_string}"},"query-input":"required name=search_term_string"}],"inLanguage":"en-US"},{"@type":"WebPage","@id":"https:\/\/www.divokavoda.sk\/en\/for-watersportsmen\/#webpage","url":"https:\/\/www.divokavoda.sk\/en\/for-watersportsmen\/","name":"For watersportsmen - Divok\u00e1 Voda","isPartOf":{"@id":"https:\/\/www.divokavoda.sk\/#website"},"datePublished":"2017-05-21T18:39:30+00:00","dateModified":"2023-05-02T11:33:56+00:00","description":"For watersportsmen - Divok\u00e1 Voda pon\u00faka adrenal\u00edn, z\u00e1bavu a pr\u00edjemn\u00fa atmosf\u00e9ru. Vysk\u00fa\u0161ajte 15 r\u00f4znych \u0161portov a aktiv\u00edt na jednom mieste. Oslavy a svadby.","breadcrumb":{"@id":"https:\/\/www.divokavoda.sk\/en\/for-watersportsmen\/#breadcrumb"},"inLanguage":"en-US","potentialAction":[{"@type":"ReadAction","target":["https:\/\/www.divokavoda.sk\/en\/for-watersportsmen\/"]}]},{"@type":"BreadcrumbList","@id":"https:\/\/www.divokavoda.sk\/en\/for-watersportsmen\/#breadcrumb","itemListElement":[{"@type":"ListItem","position":1,"name":"Home","item":"https:\/\/www.divokavoda.sk\/en\/"},{"@type":"ListItem","position":2,"name":"For watersportsmen"}]}]}},"_links":{"self":[{"href":"https:\/\/www.divokavoda.sk\/en\/wp-json\/wp\/v2\/pages\/3142"}],"collection":[{"href":"https:\/\/www.divokavoda.sk\/en\/wp-json\/wp\/v2\/pages"}],"about":[{"href":"https:\/\/www.divokavoda.sk\/en\/wp-json\/wp\/v2\/types\/page"}],"author":[{"embeddable":true,"href":"https:\/\/www.divokavoda.sk\/en\/wp-json\/wp\/v2\/users\/1"}],"replies":[{"embeddable":true,"href":"https:\/\/www.divokavoda.sk\/en\/wp-json\/wp\/v2\/comments?post=3142"}],"version-history":[{"count":5,"href":"https:\/\/www.divokavoda.sk\/en\/wp-json\/wp\/v2\/pages\/3142\/revisions"}],"predecessor-version":[{"id":20560,"href":"https:\/\/www.divokavoda.sk\/en\/wp-json\/wp\/v2\/pages\/3142\/revisions\/20560"}],"wp:attachment":[{"href":"https:\/\/www.divokavoda.sk\/en\/wp-json\/wp\/v2\/media?parent=3142"}],"curies":[{"name":"wp","href":"https:\/\/api.w.org\/{rel}","templated":true}]}}