{"id":4498,"date":"2019-07-12T08:46:42","date_gmt":"2019-07-12T07:46:42","guid":{"rendered":"https:\/\/www.divokavoda.sk\/services\/bazen\/"},"modified":"2023-04-27T09:00:45","modified_gmt":"2023-04-27T08:00:45","slug":"swimming-pool","status":"publish","type":"page","link":"https:\/\/www.divokavoda.sk\/en\/services\/swimming-pool\/","title":{"rendered":"Swimming pool"},"content":{"rendered":"","protected":false},"excerpt":{"rendered":"","protected":false},"author":1,"featured_media":0,"parent":3048,"menu_order":0,"comment_status":"closed","ping_status":"closed","template":"","meta":[],"acf":[],"yoast_head":"<!-- This site is optimized with the Yoast SEO plugin v18.9 - https:\/\/yoast.com\/wordpress\/plugins\/seo\/ -->\n<title>Swimming pool - Divok\u00e1 Voda<\/title>\n<meta name=\"description\" content=\"The novelty of the season 2019 is in the area Divok\u00e1 Voda there is a swimming pool with salt water of size 13 x 7 x 1,3. Opening hours: 09:00 - 20:00 daily\" \/>\n<meta name=\"robots\" content=\"index, follow, max-snippet:-1, max-image-preview:large, max-video-preview:-1\" \/>\n<meta property=\"og:locale\" content=\"en_US\" \/>\n<meta property=\"og:type\" content=\"article\" \/>\n<meta property=\"og:title\" content=\"Swimming pool - Divok\u00e1 Voda\" \/>\n<meta property=\"og:description\" content=\"The novelty of the season 2019 is in the area Divok\u00e1 Voda there is a swimming pool with salt water of size 13 x 7 x 1,3. Opening hours: 09:00 - 20:00 daily\" \/>\n<meta property=\"og:url\" content=\"https:\/\/www.divokavoda.sk\/sluzby\/bazen\/\" \/>\n<meta property=\"og:site_name\" content=\"Divok\u00e1 Voda\" \/>\n<meta property=\"article:modified_time\" content=\"2023-04-27T08:00:45+00:00\" \/>\n<meta name=\"twitter:card\" content=\"summary\" \/>\n<script type=\"application\/ld+json\" class=\"yoast-schema-graph\">{\"@context\":\"https:\/\/schema.org\",\"@graph\":[{\"@type\":\"WebSite\",\"@id\":\"https:\/\/www.divokavoda.sk\/#website\",\"url\":\"https:\/\/www.divokavoda.sk\/\",\"name\":\"Divok\u00e1 Voda\",\"description\":\"are\u00e1l Divok\u00e1 voda\",\"potentialAction\":[{\"@type\":\"SearchAction\",\"target\":{\"@type\":\"EntryPoint\",\"urlTemplate\":\"https:\/\/www.divokavoda.sk\/?s={search_term_string}\"},\"query-input\":\"required name=search_term_string\"}],\"inLanguage\":\"en-US\"},{\"@type\":\"WebPage\",\"@id\":\"https:\/\/www.divokavoda.sk\/sluzby\/bazen\/#webpage\",\"url\":\"https:\/\/www.divokavoda.sk\/sluzby\/bazen\/\",\"name\":\"Swimming pool - Divok\u00e1 Voda\",\"isPartOf\":{\"@id\":\"https:\/\/www.divokavoda.sk\/#website\"},\"datePublished\":\"2019-07-12T07:46:42+00:00\",\"dateModified\":\"2023-04-27T08:00:45+00:00\",\"description\":\"The novelty of the season 2019 is in the area Divok\u00e1 Voda there is a swimming pool with salt water of size 13 x 7 x 1,3. Opening hours: 09:00 - 20:00 daily\",\"breadcrumb\":{\"@id\":\"https:\/\/www.divokavoda.sk\/sluzby\/bazen\/#breadcrumb\"},\"inLanguage\":\"en-US\",\"potentialAction\":[{\"@type\":\"ReadAction\",\"target\":[\"https:\/\/www.divokavoda.sk\/sluzby\/bazen\/\"]}]},{\"@type\":\"BreadcrumbList\",\"@id\":\"https:\/\/www.divokavoda.sk\/sluzby\/bazen\/#breadcrumb\",\"itemListElement\":[{\"@type\":\"ListItem\",\"position\":1,\"name\":\"Home\",\"item\":\"https:\/\/www.divokavoda.sk\/en\/\"},{\"@type\":\"ListItem\",\"position\":2,\"name\":\"Services\",\"item\":\"https:\/\/www.divokavoda.sk\/en\/services\/\"},{\"@type\":\"ListItem\",\"position\":3,\"name\":\"Swimming pool\"}]}]}<\/script>\n<!-- \/ Yoast SEO plugin. -->","yoast_head_json":{"title":"Swimming pool - Divok\u00e1 Voda","description":"The novelty of the season 2019 is in the area Divok\u00e1 Voda there is a swimming pool with salt water of size 13 x 7 x 1,3. Opening hours: 09:00 - 20:00 daily","robots":{"index":"index","follow":"follow","max-snippet":"max-snippet:-1","max-image-preview":"max-image-preview:large","max-video-preview":"max-video-preview:-1"},"og_locale":"en_US","og_type":"article","og_title":"Swimming pool - Divok\u00e1 Voda","og_description":"The novelty of the season 2019 is in the area Divok\u00e1 Voda there is a swimming pool with salt water of size 13 x 7 x 1,3. Opening hours: 09:00 - 20:00 daily","og_url":"https:\/\/www.divokavoda.sk\/sluzby\/bazen\/","og_site_name":"Divok\u00e1 Voda","article_modified_time":"2023-04-27T08:00:45+00:00","twitter_card":"summary","schema":{"@context":"https:\/\/schema.org","@graph":[{"@type":"WebSite","@id":"https:\/\/www.divokavoda.sk\/#website","url":"https:\/\/www.divokavoda.sk\/","name":"Divok\u00e1 Voda","description":"are\u00e1l Divok\u00e1 voda","potentialAction":[{"@type":"SearchAction","target":{"@type":"EntryPoint","urlTemplate":"https:\/\/www.divokavoda.sk\/?s={search_term_string}"},"query-input":"required name=search_term_string"}],"inLanguage":"en-US"},{"@type":"WebPage","@id":"https:\/\/www.divokavoda.sk\/sluzby\/bazen\/#webpage","url":"https:\/\/www.divokavoda.sk\/sluzby\/bazen\/","name":"Swimming pool - Divok\u00e1 Voda","isPartOf":{"@id":"https:\/\/www.divokavoda.sk\/#website"},"datePublished":"2019-07-12T07:46:42+00:00","dateModified":"2023-04-27T08:00:45+00:00","description":"The novelty of the season 2019 is in the area Divok\u00e1 Voda there is a swimming pool with salt water of size 13 x 7 x 1,3. Opening hours: 09:00 - 20:00 daily","breadcrumb":{"@id":"https:\/\/www.divokavoda.sk\/sluzby\/bazen\/#breadcrumb"},"inLanguage":"en-US","potentialAction":[{"@type":"ReadAction","target":["https:\/\/www.divokavoda.sk\/sluzby\/bazen\/"]}]},{"@type":"BreadcrumbList","@id":"https:\/\/www.divokavoda.sk\/sluzby\/bazen\/#breadcrumb","itemListElement":[{"@type":"ListItem","position":1,"name":"Home","item":"https:\/\/www.divokavoda.sk\/en\/"},{"@type":"ListItem","position":2,"name":"Services","item":"https:\/\/www.divokavoda.sk\/en\/services\/"},{"@type":"ListItem","position":3,"name":"Swimming pool"}]}]}},"_links":{"self":[{"href":"https:\/\/www.divokavoda.sk\/en\/wp-json\/wp\/v2\/pages\/4498"}],"collection":[{"href":"https:\/\/www.divokavoda.sk\/en\/wp-json\/wp\/v2\/pages"}],"about":[{"href":"https:\/\/www.divokavoda.sk\/en\/wp-json\/wp\/v2\/types\/page"}],"author":[{"embeddable":true,"href":"https:\/\/www.divokavoda.sk\/en\/wp-json\/wp\/v2\/users\/1"}],"replies":[{"embeddable":true,"href":"https:\/\/www.divokavoda.sk\/en\/wp-json\/wp\/v2\/comments?post=4498"}],"version-history":[{"count":4,"href":"https:\/\/www.divokavoda.sk\/en\/wp-json\/wp\/v2\/pages\/4498\/revisions"}],"predecessor-version":[{"id":20538,"href":"https:\/\/www.divokavoda.sk\/en\/wp-json\/wp\/v2\/pages\/4498\/revisions\/20538"}],"up":[{"embeddable":true,"href":"https:\/\/www.divokavoda.sk\/en\/wp-json\/wp\/v2\/pages\/3048"}],"wp:attachment":[{"href":"https:\/\/www.divokavoda.sk\/en\/wp-json\/wp\/v2\/media?parent=4498"}],"curies":[{"name":"wp","href":"https:\/\/api.w.org\/{rel}","templated":true}]}}