{"id":26091,"date":"2025-06-11T17:03:56","date_gmt":"2025-06-11T16:03:56","guid":{"rendered":"https:\/\/www.divokavoda.sk\/?post_type=product&#038;p=26091"},"modified":"2025-06-12T14:17:36","modified_gmt":"2025-06-12T13:17:36","slug":"joga","status":"publish","type":"product","link":"https:\/\/www.divokavoda.sk\/en\/produkt\/joga\/","title":{"rendered":"J\u00f3ga"},"content":{"rendered":"","protected":false},"excerpt":{"rendered":"","protected":false},"featured_media":0,"template":"","meta":[],"product_cat":[39],"product_tag":[],"acf":[],"yoast_head":"<!-- This site is optimized with the Yoast SEO plugin v18.9 - https:\/\/yoast.com\/wordpress\/plugins\/seo\/ -->\n<title>J\u00f3ga - Divok\u00e1 Voda<\/title>\n<meta name=\"robots\" content=\"index, follow, max-snippet:-1, max-image-preview:large, max-video-preview:-1\" \/>\n<meta property=\"og:locale\" content=\"en_US\" \/>\n<meta property=\"og:type\" content=\"article\" \/>\n<meta property=\"og:title\" content=\"J\u00f3ga - Divok\u00e1 Voda\" \/>\n<meta property=\"og:url\" content=\"https:\/\/www.divokavoda.sk\/produkt\/joga\/\" \/>\n<meta property=\"og:site_name\" content=\"Divok\u00e1 Voda\" \/>\n<meta property=\"article:modified_time\" content=\"2025-06-12T13:17:36+00:00\" \/>\n<meta name=\"twitter:card\" content=\"summary\" \/>\n<script type=\"application\/ld+json\" class=\"yoast-schema-graph\">{\"@context\":\"https:\/\/schema.org\",\"@graph\":[{\"@type\":\"WebSite\",\"@id\":\"https:\/\/www.divokavoda.sk\/#website\",\"url\":\"https:\/\/www.divokavoda.sk\/\",\"name\":\"Divok\u00e1 Voda\",\"description\":\"are\u00e1l Divok\u00e1 voda\",\"potentialAction\":[{\"@type\":\"SearchAction\",\"target\":{\"@type\":\"EntryPoint\",\"urlTemplate\":\"https:\/\/www.divokavoda.sk\/?s={search_term_string}\"},\"query-input\":\"required name=search_term_string\"}],\"inLanguage\":\"en-US\"},{\"@type\":\"WebPage\",\"@id\":\"https:\/\/www.divokavoda.sk\/produkt\/joga\/#webpage\",\"url\":\"https:\/\/www.divokavoda.sk\/produkt\/joga\/\",\"name\":\"J\u00f3ga - Divok\u00e1 Voda\",\"isPartOf\":{\"@id\":\"https:\/\/www.divokavoda.sk\/#website\"},\"datePublished\":\"2025-06-11T16:03:56+00:00\",\"dateModified\":\"2025-06-12T13:17:36+00:00\",\"breadcrumb\":{\"@id\":\"https:\/\/www.divokavoda.sk\/produkt\/joga\/#breadcrumb\"},\"inLanguage\":\"en-US\",\"potentialAction\":[{\"@type\":\"ReadAction\",\"target\":[\"https:\/\/www.divokavoda.sk\/produkt\/joga\/\"]}]},{\"@type\":\"BreadcrumbList\",\"@id\":\"https:\/\/www.divokavoda.sk\/produkt\/joga\/#breadcrumb\",\"itemListElement\":[{\"@type\":\"ListItem\",\"position\":1,\"name\":\"Home\",\"item\":\"https:\/\/www.divokavoda.sk\/en\/\"},{\"@type\":\"ListItem\",\"position\":2,\"name\":\"Shop\",\"item\":\"https:\/\/www.divokavoda.sk\/en\/shop\/\"},{\"@type\":\"ListItem\",\"position\":3,\"name\":\"J\u00f3ga\"}]}]}<\/script>\n<!-- \/ Yoast SEO plugin. -->","yoast_head_json":{"title":"J\u00f3ga - Divok\u00e1 Voda","robots":{"index":"index","follow":"follow","max-snippet":"max-snippet:-1","max-image-preview":"max-image-preview:large","max-video-preview":"max-video-preview:-1"},"og_locale":"en_US","og_type":"article","og_title":"J\u00f3ga - Divok\u00e1 Voda","og_url":"https:\/\/www.divokavoda.sk\/produkt\/joga\/","og_site_name":"Divok\u00e1 Voda","article_modified_time":"2025-06-12T13:17:36+00:00","twitter_card":"summary","schema":{"@context":"https:\/\/schema.org","@graph":[{"@type":"WebSite","@id":"https:\/\/www.divokavoda.sk\/#website","url":"https:\/\/www.divokavoda.sk\/","name":"Divok\u00e1 Voda","description":"are\u00e1l Divok\u00e1 voda","potentialAction":[{"@type":"SearchAction","target":{"@type":"EntryPoint","urlTemplate":"https:\/\/www.divokavoda.sk\/?s={search_term_string}"},"query-input":"required name=search_term_string"}],"inLanguage":"en-US"},{"@type":"WebPage","@id":"https:\/\/www.divokavoda.sk\/produkt\/joga\/#webpage","url":"https:\/\/www.divokavoda.sk\/produkt\/joga\/","name":"J\u00f3ga - Divok\u00e1 Voda","isPartOf":{"@id":"https:\/\/www.divokavoda.sk\/#website"},"datePublished":"2025-06-11T16:03:56+00:00","dateModified":"2025-06-12T13:17:36+00:00","breadcrumb":{"@id":"https:\/\/www.divokavoda.sk\/produkt\/joga\/#breadcrumb"},"inLanguage":"en-US","potentialAction":[{"@type":"ReadAction","target":["https:\/\/www.divokavoda.sk\/produkt\/joga\/"]}]},{"@type":"BreadcrumbList","@id":"https:\/\/www.divokavoda.sk\/produkt\/joga\/#breadcrumb","itemListElement":[{"@type":"ListItem","position":1,"name":"Home","item":"https:\/\/www.divokavoda.sk\/en\/"},{"@type":"ListItem","position":2,"name":"Shop","item":"https:\/\/www.divokavoda.sk\/en\/shop\/"},{"@type":"ListItem","position":3,"name":"J\u00f3ga"}]}]}},"_links":{"self":[{"href":"https:\/\/www.divokavoda.sk\/en\/wp-json\/wp\/v2\/product\/26091"}],"collection":[{"href":"https:\/\/www.divokavoda.sk\/en\/wp-json\/wp\/v2\/product"}],"about":[{"href":"https:\/\/www.divokavoda.sk\/en\/wp-json\/wp\/v2\/types\/product"}],"wp:attachment":[{"href":"https:\/\/www.divokavoda.sk\/en\/wp-json\/wp\/v2\/media?parent=26091"}],"wp:term":[{"taxonomy":"product_cat","embeddable":true,"href":"https:\/\/www.divokavoda.sk\/en\/wp-json\/wp\/v2\/product_cat?post=26091"},{"taxonomy":"product_tag","embeddable":true,"href":"https:\/\/www.divokavoda.sk\/en\/wp-json\/wp\/v2\/product_tag?post=26091"}],"curies":[{"name":"wp","href":"https:\/\/api.w.org\/{rel}","templated":true}]}}