{"id":3171,"date":"2017-12-06T18:39:12","date_gmt":"2017-12-06T17:39:12","guid":{"rendered":"https:\/\/www.divokavoda.sk\/produkt\/rafting\/"},"modified":"2020-08-19T16:25:58","modified_gmt":"2020-08-19T15:25:58","slug":"rafting","status":"publish","type":"product","link":"https:\/\/www.divokavoda.sk\/en\/produkt\/rafting\/","title":{"rendered":"Rafting"},"content":{"rendered":"","protected":false},"excerpt":{"rendered":"","protected":false},"featured_media":4846,"template":"","meta":[],"product_cat":[53],"product_tag":[],"acf":[],"yoast_head":"<!-- This site is optimized with the Yoast SEO plugin v18.9 - https:\/\/yoast.com\/wordpress\/plugins\/seo\/ -->\n<title>Rafting - Divok\u00e1 Voda - z\u00e1\u017eitky, na ktor\u00e9 nezabudnete<\/title>\n<meta name=\"description\" content=\"Rafting - Divok\u00e1 Voda pon\u00faka adrenal\u00edn, z\u00e1bavu a pr\u00edjemn\u00fa atmosf\u00e9ru. Vysk\u00fa\u0161ajte 15 r\u00f4znych \u0161portov a aktiv\u00edt na jednom mieste. Oslavy, party a svadby.\" \/>\n<meta name=\"robots\" content=\"index, follow, max-snippet:-1, max-image-preview:large, max-video-preview:-1\" \/>\n<meta property=\"og:locale\" content=\"en_US\" \/>\n<meta property=\"og:type\" content=\"article\" \/>\n<meta property=\"og:title\" content=\"Rafting - Divok\u00e1 Voda - z\u00e1\u017eitky, na ktor\u00e9 nezabudnete\" \/>\n<meta property=\"og:description\" content=\"Rafting - Divok\u00e1 Voda pon\u00faka adrenal\u00edn, z\u00e1bavu a pr\u00edjemn\u00fa atmosf\u00e9ru. Vysk\u00fa\u0161ajte 15 r\u00f4znych \u0161portov a aktiv\u00edt na jednom mieste. Oslavy, party a svadby.\" \/>\n<meta property=\"og:url\" content=\"https:\/\/www.divokavoda.sk\/en\/produkt\/rafting\/\" \/>\n<meta property=\"og:site_name\" content=\"Divok\u00e1 Voda\" \/>\n<meta property=\"article:modified_time\" content=\"2020-08-19T15:25:58+00:00\" \/>\n<meta property=\"og:image\" content=\"https:\/\/www.divokavoda.sk\/wp-content\/uploads\/Optimized-1Q0A0294_web.jpg\" \/>\n\t<meta property=\"og:image:width\" content=\"1092\" \/>\n\t<meta property=\"og:image:height\" content=\"728\" \/>\n\t<meta property=\"og:image:type\" content=\"image\/jpeg\" \/>\n<meta name=\"twitter:card\" content=\"summary\" \/>\n<script type=\"application\/ld+json\" class=\"yoast-schema-graph\">{\"@context\":\"https:\/\/schema.org\",\"@graph\":[{\"@type\":\"WebSite\",\"@id\":\"https:\/\/www.divokavoda.sk\/#website\",\"url\":\"https:\/\/www.divokavoda.sk\/\",\"name\":\"Divok\u00e1 Voda\",\"description\":\"are\u00e1l Divok\u00e1 voda\",\"potentialAction\":[{\"@type\":\"SearchAction\",\"target\":{\"@type\":\"EntryPoint\",\"urlTemplate\":\"https:\/\/www.divokavoda.sk\/?s={search_term_string}\"},\"query-input\":\"required name=search_term_string\"}],\"inLanguage\":\"en-US\"},{\"@type\":\"ImageObject\",\"inLanguage\":\"en-US\",\"@id\":\"https:\/\/www.divokavoda.sk\/en\/produkt\/rafting\/#primaryimage\",\"url\":\"https:\/\/www.divokavoda.sk\/wp-content\/uploads\/Optimized-1Q0A0294_web.jpg\",\"contentUrl\":\"https:\/\/www.divokavoda.sk\/wp-content\/uploads\/Optimized-1Q0A0294_web.jpg\",\"width\":1092,\"height\":728,\"caption\":\"Divoka Voda_rafting\"},{\"@type\":\"WebPage\",\"@id\":\"https:\/\/www.divokavoda.sk\/en\/produkt\/rafting\/#webpage\",\"url\":\"https:\/\/www.divokavoda.sk\/en\/produkt\/rafting\/\",\"name\":\"Rafting - Divok\u00e1 Voda - z\u00e1\u017eitky, na ktor\u00e9 nezabudnete\",\"isPartOf\":{\"@id\":\"https:\/\/www.divokavoda.sk\/#website\"},\"primaryImageOfPage\":{\"@id\":\"https:\/\/www.divokavoda.sk\/en\/produkt\/rafting\/#primaryimage\"},\"datePublished\":\"2017-12-06T17:39:12+00:00\",\"dateModified\":\"2020-08-19T15:25:58+00:00\",\"description\":\"Rafting - Divok\u00e1 Voda pon\u00faka adrenal\u00edn, z\u00e1bavu a pr\u00edjemn\u00fa atmosf\u00e9ru. Vysk\u00fa\u0161ajte 15 r\u00f4znych \u0161portov a aktiv\u00edt na jednom mieste. Oslavy, party a svadby.\",\"breadcrumb\":{\"@id\":\"https:\/\/www.divokavoda.sk\/en\/produkt\/rafting\/#breadcrumb\"},\"inLanguage\":\"en-US\",\"potentialAction\":[{\"@type\":\"ReadAction\",\"target\":[\"https:\/\/www.divokavoda.sk\/en\/produkt\/rafting\/\"]}]},{\"@type\":\"BreadcrumbList\",\"@id\":\"https:\/\/www.divokavoda.sk\/en\/produkt\/rafting\/#breadcrumb\",\"itemListElement\":[{\"@type\":\"ListItem\",\"position\":1,\"name\":\"Home\",\"item\":\"https:\/\/www.divokavoda.sk\/en\/\"},{\"@type\":\"ListItem\",\"position\":2,\"name\":\"Shop\",\"item\":\"https:\/\/www.divokavoda.sk\/en\/shop\/\"},{\"@type\":\"ListItem\",\"position\":3,\"name\":\"Rafting\"}]}]}<\/script>\n<!-- \/ Yoast SEO plugin. -->","yoast_head_json":{"title":"Rafting - Divok\u00e1 Voda - z\u00e1\u017eitky, na ktor\u00e9 nezabudnete","description":"Rafting - Divok\u00e1 Voda pon\u00faka adrenal\u00edn, z\u00e1bavu a pr\u00edjemn\u00fa atmosf\u00e9ru. Vysk\u00fa\u0161ajte 15 r\u00f4znych \u0161portov a aktiv\u00edt na jednom mieste. Oslavy, party a svadby.","robots":{"index":"index","follow":"follow","max-snippet":"max-snippet:-1","max-image-preview":"max-image-preview:large","max-video-preview":"max-video-preview:-1"},"og_locale":"en_US","og_type":"article","og_title":"Rafting - Divok\u00e1 Voda - z\u00e1\u017eitky, na ktor\u00e9 nezabudnete","og_description":"Rafting - Divok\u00e1 Voda pon\u00faka adrenal\u00edn, z\u00e1bavu a pr\u00edjemn\u00fa atmosf\u00e9ru. Vysk\u00fa\u0161ajte 15 r\u00f4znych \u0161portov a aktiv\u00edt na jednom mieste. Oslavy, party a svadby.","og_url":"https:\/\/www.divokavoda.sk\/en\/produkt\/rafting\/","og_site_name":"Divok\u00e1 Voda","article_modified_time":"2020-08-19T15:25:58+00:00","og_image":[{"width":1092,"height":728,"url":"https:\/\/www.divokavoda.sk\/wp-content\/uploads\/Optimized-1Q0A0294_web.jpg","type":"image\/jpeg"}],"twitter_card":"summary","schema":{"@context":"https:\/\/schema.org","@graph":[{"@type":"WebSite","@id":"https:\/\/www.divokavoda.sk\/#website","url":"https:\/\/www.divokavoda.sk\/","name":"Divok\u00e1 Voda","description":"are\u00e1l Divok\u00e1 voda","potentialAction":[{"@type":"SearchAction","target":{"@type":"EntryPoint","urlTemplate":"https:\/\/www.divokavoda.sk\/?s={search_term_string}"},"query-input":"required name=search_term_string"}],"inLanguage":"en-US"},{"@type":"ImageObject","inLanguage":"en-US","@id":"https:\/\/www.divokavoda.sk\/en\/produkt\/rafting\/#primaryimage","url":"https:\/\/www.divokavoda.sk\/wp-content\/uploads\/Optimized-1Q0A0294_web.jpg","contentUrl":"https:\/\/www.divokavoda.sk\/wp-content\/uploads\/Optimized-1Q0A0294_web.jpg","width":1092,"height":728,"caption":"Divoka Voda_rafting"},{"@type":"WebPage","@id":"https:\/\/www.divokavoda.sk\/en\/produkt\/rafting\/#webpage","url":"https:\/\/www.divokavoda.sk\/en\/produkt\/rafting\/","name":"Rafting - Divok\u00e1 Voda - z\u00e1\u017eitky, na ktor\u00e9 nezabudnete","isPartOf":{"@id":"https:\/\/www.divokavoda.sk\/#website"},"primaryImageOfPage":{"@id":"https:\/\/www.divokavoda.sk\/en\/produkt\/rafting\/#primaryimage"},"datePublished":"2017-12-06T17:39:12+00:00","dateModified":"2020-08-19T15:25:58+00:00","description":"Rafting - Divok\u00e1 Voda pon\u00faka adrenal\u00edn, z\u00e1bavu a pr\u00edjemn\u00fa atmosf\u00e9ru. Vysk\u00fa\u0161ajte 15 r\u00f4znych \u0161portov a aktiv\u00edt na jednom mieste. Oslavy, party a svadby.","breadcrumb":{"@id":"https:\/\/www.divokavoda.sk\/en\/produkt\/rafting\/#breadcrumb"},"inLanguage":"en-US","potentialAction":[{"@type":"ReadAction","target":["https:\/\/www.divokavoda.sk\/en\/produkt\/rafting\/"]}]},{"@type":"BreadcrumbList","@id":"https:\/\/www.divokavoda.sk\/en\/produkt\/rafting\/#breadcrumb","itemListElement":[{"@type":"ListItem","position":1,"name":"Home","item":"https:\/\/www.divokavoda.sk\/en\/"},{"@type":"ListItem","position":2,"name":"Shop","item":"https:\/\/www.divokavoda.sk\/en\/shop\/"},{"@type":"ListItem","position":3,"name":"Rafting"}]}]}},"_links":{"self":[{"href":"https:\/\/www.divokavoda.sk\/en\/wp-json\/wp\/v2\/product\/3171"}],"collection":[{"href":"https:\/\/www.divokavoda.sk\/en\/wp-json\/wp\/v2\/product"}],"about":[{"href":"https:\/\/www.divokavoda.sk\/en\/wp-json\/wp\/v2\/types\/product"}],"wp:featuredmedia":[{"embeddable":true,"href":"https:\/\/www.divokavoda.sk\/en\/wp-json\/wp\/v2\/media\/4846"}],"wp:attachment":[{"href":"https:\/\/www.divokavoda.sk\/en\/wp-json\/wp\/v2\/media?parent=3171"}],"wp:term":[{"taxonomy":"product_cat","embeddable":true,"href":"https:\/\/www.divokavoda.sk\/en\/wp-json\/wp\/v2\/product_cat?post=3171"},{"taxonomy":"product_tag","embeddable":true,"href":"https:\/\/www.divokavoda.sk\/en\/wp-json\/wp\/v2\/product_tag?post=3171"}],"curies":[{"name":"wp","href":"https:\/\/api.w.org\/{rel}","templated":true}]}}