{"id":3211,"date":"2018-09-26T12:02:42","date_gmt":"2018-09-26T11:02:42","guid":{"rendered":"https:\/\/www.divokavoda.sk\/produkt\/crownline\/"},"modified":"2020-08-19T16:01:21","modified_gmt":"2020-08-19T15:01:21","slug":"crownline","status":"publish","type":"product","link":"https:\/\/www.divokavoda.sk\/en\/produkt\/crownline\/","title":{"rendered":"Crownline"},"content":{"rendered":"","protected":false},"excerpt":{"rendered":"","protected":false},"featured_media":8184,"template":"","meta":[],"product_cat":[53],"product_tag":[],"acf":[],"yoast_head":"<!-- This site is optimized with the Yoast SEO plugin v18.9 - https:\/\/yoast.com\/wordpress\/plugins\/seo\/ -->\n<title>Crownline - Divok\u00e1 Voda<\/title>\n<meta name=\"description\" content=\"Crownline - Divok\u00e1 Voda pon\u00faka adrenal\u00edn, z\u00e1bavu a pr\u00edjemn\u00fa letn\u00fa atmosf\u00e9ru. Vysk\u00fa\u0161ajte 15 r\u00f4znych \u0161portov a aktiv\u00edt na jednom mieste. Oslavy a aj svadby.\" \/>\n<meta name=\"robots\" content=\"index, follow, max-snippet:-1, max-image-preview:large, max-video-preview:-1\" \/>\n<meta property=\"og:locale\" content=\"en_US\" \/>\n<meta property=\"og:type\" content=\"article\" \/>\n<meta property=\"og:title\" content=\"Crownline - Divok\u00e1 Voda\" \/>\n<meta property=\"og:description\" content=\"Crownline - Divok\u00e1 Voda pon\u00faka adrenal\u00edn, z\u00e1bavu a pr\u00edjemn\u00fa letn\u00fa atmosf\u00e9ru. Vysk\u00fa\u0161ajte 15 r\u00f4znych \u0161portov a aktiv\u00edt na jednom mieste. Oslavy a aj svadby.\" \/>\n<meta property=\"og:url\" content=\"https:\/\/www.divokavoda.sk\/en\/produkt\/crownline\/\" \/>\n<meta property=\"og:site_name\" content=\"Divok\u00e1 Voda\" \/>\n<meta property=\"article:modified_time\" content=\"2020-08-19T15:01:21+00:00\" \/>\n<meta property=\"og:image\" content=\"https:\/\/www.divokavoda.sk\/wp-content\/uploads\/Vyleti-Vtacik_Cunovo_03.jpg\" \/>\n\t<meta property=\"og:image:width\" content=\"1620\" \/>\n\t<meta property=\"og:image:height\" content=\"1080\" \/>\n\t<meta property=\"og:image:type\" content=\"image\/jpeg\" \/>\n<meta name=\"twitter:card\" content=\"summary\" \/>\n<script type=\"application\/ld+json\" class=\"yoast-schema-graph\">{\"@context\":\"https:\/\/schema.org\",\"@graph\":[{\"@type\":\"WebSite\",\"@id\":\"https:\/\/www.divokavoda.sk\/#website\",\"url\":\"https:\/\/www.divokavoda.sk\/\",\"name\":\"Divok\u00e1 Voda\",\"description\":\"are\u00e1l Divok\u00e1 voda\",\"potentialAction\":[{\"@type\":\"SearchAction\",\"target\":{\"@type\":\"EntryPoint\",\"urlTemplate\":\"https:\/\/www.divokavoda.sk\/?s={search_term_string}\"},\"query-input\":\"required name=search_term_string\"}],\"inLanguage\":\"en-US\"},{\"@type\":\"ImageObject\",\"inLanguage\":\"en-US\",\"@id\":\"https:\/\/www.divokavoda.sk\/en\/produkt\/crownline\/#primaryimage\",\"url\":\"https:\/\/www.divokavoda.sk\/wp-content\/uploads\/Vyleti-Vtacik_Cunovo_03.jpg\",\"contentUrl\":\"https:\/\/www.divokavoda.sk\/wp-content\/uploads\/Vyleti-Vtacik_Cunovo_03.jpg\",\"width\":1620,\"height\":1080,\"caption\":\"R\u00fdchlostn\u00fd \u010dln\"},{\"@type\":\"WebPage\",\"@id\":\"https:\/\/www.divokavoda.sk\/en\/produkt\/crownline\/#webpage\",\"url\":\"https:\/\/www.divokavoda.sk\/en\/produkt\/crownline\/\",\"name\":\"Crownline - Divok\u00e1 Voda\",\"isPartOf\":{\"@id\":\"https:\/\/www.divokavoda.sk\/#website\"},\"primaryImageOfPage\":{\"@id\":\"https:\/\/www.divokavoda.sk\/en\/produkt\/crownline\/#primaryimage\"},\"datePublished\":\"2018-09-26T11:02:42+00:00\",\"dateModified\":\"2020-08-19T15:01:21+00:00\",\"description\":\"Crownline - Divok\u00e1 Voda pon\u00faka adrenal\u00edn, z\u00e1bavu a pr\u00edjemn\u00fa letn\u00fa atmosf\u00e9ru. Vysk\u00fa\u0161ajte 15 r\u00f4znych \u0161portov a aktiv\u00edt na jednom mieste. Oslavy a aj svadby.\",\"breadcrumb\":{\"@id\":\"https:\/\/www.divokavoda.sk\/en\/produkt\/crownline\/#breadcrumb\"},\"inLanguage\":\"en-US\",\"potentialAction\":[{\"@type\":\"ReadAction\",\"target\":[\"https:\/\/www.divokavoda.sk\/en\/produkt\/crownline\/\"]}]},{\"@type\":\"BreadcrumbList\",\"@id\":\"https:\/\/www.divokavoda.sk\/en\/produkt\/crownline\/#breadcrumb\",\"itemListElement\":[{\"@type\":\"ListItem\",\"position\":1,\"name\":\"Home\",\"item\":\"https:\/\/www.divokavoda.sk\/en\/\"},{\"@type\":\"ListItem\",\"position\":2,\"name\":\"Shop\",\"item\":\"https:\/\/www.divokavoda.sk\/en\/shop\/\"},{\"@type\":\"ListItem\",\"position\":3,\"name\":\"Crownline\"}]}]}<\/script>\n<!-- \/ Yoast SEO plugin. -->","yoast_head_json":{"title":"Crownline - Divok\u00e1 Voda","description":"Crownline - Divok\u00e1 Voda pon\u00faka adrenal\u00edn, z\u00e1bavu a pr\u00edjemn\u00fa letn\u00fa atmosf\u00e9ru. Vysk\u00fa\u0161ajte 15 r\u00f4znych \u0161portov a aktiv\u00edt na jednom mieste. Oslavy a aj svadby.","robots":{"index":"index","follow":"follow","max-snippet":"max-snippet:-1","max-image-preview":"max-image-preview:large","max-video-preview":"max-video-preview:-1"},"og_locale":"en_US","og_type":"article","og_title":"Crownline - Divok\u00e1 Voda","og_description":"Crownline - Divok\u00e1 Voda pon\u00faka adrenal\u00edn, z\u00e1bavu a pr\u00edjemn\u00fa letn\u00fa atmosf\u00e9ru. Vysk\u00fa\u0161ajte 15 r\u00f4znych \u0161portov a aktiv\u00edt na jednom mieste. Oslavy a aj svadby.","og_url":"https:\/\/www.divokavoda.sk\/en\/produkt\/crownline\/","og_site_name":"Divok\u00e1 Voda","article_modified_time":"2020-08-19T15:01:21+00:00","og_image":[{"width":1620,"height":1080,"url":"https:\/\/www.divokavoda.sk\/wp-content\/uploads\/Vyleti-Vtacik_Cunovo_03.jpg","type":"image\/jpeg"}],"twitter_card":"summary","schema":{"@context":"https:\/\/schema.org","@graph":[{"@type":"WebSite","@id":"https:\/\/www.divokavoda.sk\/#website","url":"https:\/\/www.divokavoda.sk\/","name":"Divok\u00e1 Voda","description":"are\u00e1l Divok\u00e1 voda","potentialAction":[{"@type":"SearchAction","target":{"@type":"EntryPoint","urlTemplate":"https:\/\/www.divokavoda.sk\/?s={search_term_string}"},"query-input":"required name=search_term_string"}],"inLanguage":"en-US"},{"@type":"ImageObject","inLanguage":"en-US","@id":"https:\/\/www.divokavoda.sk\/en\/produkt\/crownline\/#primaryimage","url":"https:\/\/www.divokavoda.sk\/wp-content\/uploads\/Vyleti-Vtacik_Cunovo_03.jpg","contentUrl":"https:\/\/www.divokavoda.sk\/wp-content\/uploads\/Vyleti-Vtacik_Cunovo_03.jpg","width":1620,"height":1080,"caption":"R\u00fdchlostn\u00fd \u010dln"},{"@type":"WebPage","@id":"https:\/\/www.divokavoda.sk\/en\/produkt\/crownline\/#webpage","url":"https:\/\/www.divokavoda.sk\/en\/produkt\/crownline\/","name":"Crownline - Divok\u00e1 Voda","isPartOf":{"@id":"https:\/\/www.divokavoda.sk\/#website"},"primaryImageOfPage":{"@id":"https:\/\/www.divokavoda.sk\/en\/produkt\/crownline\/#primaryimage"},"datePublished":"2018-09-26T11:02:42+00:00","dateModified":"2020-08-19T15:01:21+00:00","description":"Crownline - Divok\u00e1 Voda pon\u00faka adrenal\u00edn, z\u00e1bavu a pr\u00edjemn\u00fa letn\u00fa atmosf\u00e9ru. Vysk\u00fa\u0161ajte 15 r\u00f4znych \u0161portov a aktiv\u00edt na jednom mieste. Oslavy a aj svadby.","breadcrumb":{"@id":"https:\/\/www.divokavoda.sk\/en\/produkt\/crownline\/#breadcrumb"},"inLanguage":"en-US","potentialAction":[{"@type":"ReadAction","target":["https:\/\/www.divokavoda.sk\/en\/produkt\/crownline\/"]}]},{"@type":"BreadcrumbList","@id":"https:\/\/www.divokavoda.sk\/en\/produkt\/crownline\/#breadcrumb","itemListElement":[{"@type":"ListItem","position":1,"name":"Home","item":"https:\/\/www.divokavoda.sk\/en\/"},{"@type":"ListItem","position":2,"name":"Shop","item":"https:\/\/www.divokavoda.sk\/en\/shop\/"},{"@type":"ListItem","position":3,"name":"Crownline"}]}]}},"_links":{"self":[{"href":"https:\/\/www.divokavoda.sk\/en\/wp-json\/wp\/v2\/product\/3211"}],"collection":[{"href":"https:\/\/www.divokavoda.sk\/en\/wp-json\/wp\/v2\/product"}],"about":[{"href":"https:\/\/www.divokavoda.sk\/en\/wp-json\/wp\/v2\/types\/product"}],"wp:featuredmedia":[{"embeddable":true,"href":"https:\/\/www.divokavoda.sk\/en\/wp-json\/wp\/v2\/media\/8184"}],"wp:attachment":[{"href":"https:\/\/www.divokavoda.sk\/en\/wp-json\/wp\/v2\/media?parent=3211"}],"wp:term":[{"taxonomy":"product_cat","embeddable":true,"href":"https:\/\/www.divokavoda.sk\/en\/wp-json\/wp\/v2\/product_cat?post=3211"},{"taxonomy":"product_tag","embeddable":true,"href":"https:\/\/www.divokavoda.sk\/en\/wp-json\/wp\/v2\/product_tag?post=3211"}],"curies":[{"name":"wp","href":"https:\/\/api.w.org\/{rel}","templated":true}]}}